{"id":236,"date":"2018-11-16T22:00:54","date_gmt":"2018-11-16T21:00:54","guid":{"rendered":"https:\/\/leptitlouis.wordpress.com\/?page_id=17"},"modified":"2025-09-06T22:24:33","modified_gmt":"2025-09-06T20:24:33","slug":"nous-contacter","status":"publish","type":"page","link":"https:\/\/leptitlouis.fr\/?page_id=236","title":{"rendered":"Nous contacter"},"content":{"rendered":"\r\n<h3 class=\"has-normal-font-size wp-block-heading\">Si vous souhaitez nous laisser un message, vous pouvez utiliser le formulaire ci-dessous.<\/h3>\r\n\r\n\r\n\r\n<ol class=\"wp-block-list\">\r\n<li>Vous pouvez nous laisser un message si vous souhaitez nous pr\u00e9venir que vous venez avec une poussette, des enfants ou bien des animaux<\/li>\r\n<li>Si vous avez des besoins sp\u00e9cifiques, tels que: table basse, si\u00e8ge b\u00e9b\u00e9, menu sp\u00e9cial et intol\u00e9rance.<\/li>\r\n<li>Pour toute autres raisons&#8230;<\/li>\r\n<\/ol>\r\n\r\n\n<div class=\"wpcf7 no-js\" id=\"wpcf7-f217-o1\" lang=\"fr-FR\" dir=\"ltr\" data-wpcf7-id=\"217\">\n<div class=\"screen-reader-response\"><p role=\"status\" aria-live=\"polite\" aria-atomic=\"true\"><\/p> <ul><\/ul><\/div>\n<form action=\"\/index.php?rest_route=%2Fwp%2Fv2%2Fpages%2F236#wpcf7-f217-o1\" method=\"post\" class=\"wpcf7-form init\" aria-label=\"Formulaire de contact\" novalidate=\"novalidate\" data-status=\"init\">\n<fieldset class=\"hidden-fields-container\"><input type=\"hidden\" name=\"_wpcf7\" value=\"217\" \/><input type=\"hidden\" name=\"_wpcf7_version\" value=\"6.1.5\" \/><input type=\"hidden\" name=\"_wpcf7_locale\" value=\"fr_FR\" \/><input type=\"hidden\" name=\"_wpcf7_unit_tag\" value=\"wpcf7-f217-o1\" \/><input type=\"hidden\" name=\"_wpcf7_container_post\" value=\"0\" \/><input type=\"hidden\" name=\"_wpcf7_posted_data_hash\" value=\"\" \/>\n<\/fieldset>\n<p><label> Votre nom (obligatoire)<br \/>\n<span class=\"wpcf7-form-control-wrap\" data-name=\"your-name\"><input size=\"40\" maxlength=\"400\" class=\"wpcf7-form-control wpcf7-text wpcf7-validates-as-required\" aria-required=\"true\" aria-invalid=\"false\" value=\"\" type=\"text\" name=\"your-name\" \/><\/span> <\/label>\n<\/p>\n<p><label> Votre adresse de messagerie (obligatoire)<br \/>\n<span class=\"wpcf7-form-control-wrap\" data-name=\"your-email\"><input size=\"40\" maxlength=\"400\" class=\"wpcf7-form-control wpcf7-email wpcf7-validates-as-required wpcf7-text wpcf7-validates-as-email\" aria-required=\"true\" aria-invalid=\"false\" value=\"\" type=\"email\" name=\"your-email\" \/><\/span> <\/label>\n<\/p>\n<p><label> Objet<br \/>\n<span class=\"wpcf7-form-control-wrap\" data-name=\"your-subject\"><input size=\"40\" maxlength=\"400\" class=\"wpcf7-form-control wpcf7-text\" aria-invalid=\"false\" value=\"\" type=\"text\" name=\"your-subject\" \/><\/span> <\/label>\n<\/p>\n<p><label> Votre message<br \/>\n<span class=\"wpcf7-form-control-wrap\" data-name=\"your-message\"><textarea cols=\"40\" rows=\"10\" maxlength=\"2000\" class=\"wpcf7-form-control wpcf7-textarea\" aria-invalid=\"false\" name=\"your-message\"><\/textarea><\/span> <\/label><br \/>\n<span id=\"wpcf7-69df2675cc111-wrapper\" class=\"wpcf7-form-control-wrap Messageweb-wrap\" style=\"display:none !important; visibility:hidden !important;\"><label for=\"wpcf7-69df2675cc111-field\" class=\"hp-message\">Veuillez laisser ce champ vide.<\/label><input id=\"wpcf7-69df2675cc111-field\"  class=\"wpcf7-form-control wpcf7-text\" type=\"text\" name=\"Messageweb\" value=\"\" size=\"40\" tabindex=\"-1\" autocomplete=\"new-password\" \/><\/span>\n<\/p>\n<p><span class=\"wpcf7-form-control-wrap\" data-name=\"accept-this-1\"><span class=\"wpcf7-form-control wpcf7-acceptance\"><span class=\"wpcf7-list-item\"><label><input type=\"checkbox\" name=\"accept-this-1\" value=\"1\" aria-invalid=\"false\" \/><span class=\"wpcf7-list-item-label\">Donn\u00e9es personnelles : Nous traitons vos donn\u00e9es personnelles notamment dans le cadre de la gestion des prestations qui vous sont d\u00e9livr\u00e9es. Pour plus d\u2019informations sur les conditions dans lesquelles vos donn\u00e9es sont collect\u00e9es et trait\u00e9es et pour conna\u00eetre notamment quels sont vos droits (acc\u00e8s, rectification etc.) et comment les exercer, veuillez consulter notre <a href=\"https:\/\/leptitlouis.fr\/?page_id=13794\"> Politique de confidentialit\u00e9<\/a><\/span><\/label><\/span><\/span><\/span>\n<\/p>\n<p><input class=\"wpcf7-form-control wpcf7-submit has-spinner\" type=\"submit\" value=\"Envoyer\" \/>\n<\/p><div class=\"wpcf7-response-output\" aria-hidden=\"true\"><\/div>\n<\/form>\n<\/div>\n","protected":false},"excerpt":{"rendered":"<p>Si vous souhaitez nous laisser un message, vous pouvez utiliser [&hellip;]<\/p>\n","protected":false},"author":1,"featured_media":3263,"parent":0,"menu_order":0,"comment_status":"closed","ping_status":"closed","template":"","meta":{"_exactmetrics_skip_tracking":false,"_exactmetrics_sitenote_active":false,"_exactmetrics_sitenote_note":"","_exactmetrics_sitenote_category":0,"footnotes":""},"class_list":["post-236","page","type-page","status-publish","has-post-thumbnail","hentry"],"_links":{"self":[{"href":"https:\/\/leptitlouis.fr\/index.php?rest_route=\/wp\/v2\/pages\/236","targetHints":{"allow":["GET"]}}],"collection":[{"href":"https:\/\/leptitlouis.fr\/index.php?rest_route=\/wp\/v2\/pages"}],"about":[{"href":"https:\/\/leptitlouis.fr\/index.php?rest_route=\/wp\/v2\/types\/page"}],"author":[{"embeddable":true,"href":"https:\/\/leptitlouis.fr\/index.php?rest_route=\/wp\/v2\/users\/1"}],"replies":[{"embeddable":true,"href":"https:\/\/leptitlouis.fr\/index.php?rest_route=%2Fwp%2Fv2%2Fcomments&post=236"}],"version-history":[{"count":5,"href":"https:\/\/leptitlouis.fr\/index.php?rest_route=\/wp\/v2\/pages\/236\/revisions"}],"predecessor-version":[{"id":13801,"href":"https:\/\/leptitlouis.fr\/index.php?rest_route=\/wp\/v2\/pages\/236\/revisions\/13801"}],"wp:featuredmedia":[{"embeddable":true,"href":"https:\/\/leptitlouis.fr\/index.php?rest_route=\/wp\/v2\/media\/3263"}],"wp:attachment":[{"href":"https:\/\/leptitlouis.fr\/index.php?rest_route=%2Fwp%2Fv2%2Fmedia&parent=236"}],"curies":[{"name":"wp","href":"https:\/\/api.w.org\/{rel}","templated":true}]}}