{"id":3022,"date":"2020-05-13T23:17:05","date_gmt":"2020-05-13T21:17:05","guid":{"rendered":"https:\/\/leptitlouis.fr\/?page_id=3022"},"modified":"2021-07-21T01:01:49","modified_gmt":"2021-07-20T23:01:49","slug":"commande","status":"publish","type":"page","link":"https:\/\/leptitlouis.fr\/?page_id=3022","title":{"rendered":"Commande en ligne"},"content":{"rendered":"\n\n<h3 class=\"wp-block-novablocks-headline c-headline has-text-align-center has-larger-font-size\"><span class=\"c-headline__secondary\">Commandez<\/span> <span class=\"c-headline__primary\">en ligne<\/span><\/h3>\n\n\n\n\n\n<p class=\"has-text-align-left is-style-lead\">Nous vous proposons un menu \u00e0 emporter que vous pourrez choisir ci-dessous:<br>Merci de votre confiance et \u00e0 bient\u00f4t dans notre restaurant\u2026<\/p>\n\n\n<span class=\"glf-button-default glf-button \" style='background-color:#ef8b17; color:#FFFFFF !important; font-weight:bold; font-size:18px; padding:15px; border-radius:3px; font-family:\"Arial\", sans-serif; '  data-glf-cuid=\"\" data-glf-ruid=\"089973d3-6777-40fb-a6c8-815f88b9125d\"  data-location=\"089973d3-6777-40fb-a6c8-815f88b9125d\">Voir le menu et commander<\/span><script src=\"https:\/\/www.fbgcdn.com\/embedder\/js\/ewm2.js\" defer async ><\/script><style> .glf-ordering-location > span{display:none;} <\/style>\n\n\n<div class=\"glf-mor-restaurant-menu-wrapper\"><div class=\"glf-mor-restaurant-menu-category\"><h3>Entr\u00e9e<div class=\"glf-mor-restaurant-menu-category-description\">Les entr\u00e9es du p&rsquo;tit Louis<\/div><\/h3><hr>\n\n                            <div class=\"glf-mor-restaurant-menu-item\"><div class=\"glf-mor-restaurant-menu-item-inner\"><picture>\n                                            <img decoding=\"async\" class=\"\" alt=\"Mandous v\u00e9g\u00e9tarien aux l\u00e9gumes (5 pi\u00e8ces )\" src=\"https:\/\/www.fbgcdn.com\/pictures\/f9d9109c-027a-49fe-8f58-8bd626b8fba7.jpg\">\n                                        <\/picture>\n                            <div style=\"width: 100%\">\n                                <div class=\"glf-mor-restaurant-menu-item-header\"><h5 class=\"glf-mor-restaurant-menu-item-name\">Mandous v\u00e9g\u00e9tarien aux l\u00e9gumes (5 pi\u00e8ces )<\/h5><div class=\"glf-mor-restaurant-menu-item-price\" data-price=\"10.9\" data-currency=\"EUR\" data-decimals=\"2\"><span class=\"price\">10.9 EUR<\/span><\/div>\n                                <\/div>\n                                <div class=\"glf-mor-restaurant-menu-item-description\">D\u00e9licieux Raviolis Cor\u00e9en v\u00e9g\u00e9tarien au tofu et l\u00e9gumes<\/div>\n                            <\/div>\n                        <\/div><\/div><hr><\/div><div class=\"glf-mor-restaurant-menu-category\"><h3>Les Bibimpaps (s\u00e9lectionnez pour choisir votre  menu)<div class=\"glf-mor-restaurant-menu-category-description\">D\u00e9licieux plat Cor\u00e9en typique avec garniture au choix<\/div><\/h3><hr>\n\n                            <div class=\"glf-mor-restaurant-menu-item\"><div class=\"glf-mor-restaurant-menu-item-inner\"><picture>\n                                            <img decoding=\"async\" class=\"\" alt=\"Bibimpap du P'tit Louis\" src=\"https:\/\/www.fbgcdn.com\/pictures\/a5912c61-a490-4696-8932-dfb502ddedfa.jpg\">\n                                        <\/picture>\n                            <div style=\"width: 100%\">\n                                <div class=\"glf-mor-restaurant-menu-item-header\"><h5 class=\"glf-mor-restaurant-menu-item-name\">Bibimpap du P&rsquo;tit Louis<\/h5><div class=\"glf-mor-restaurant-menu-item-price\" data-price=\"14.9\" data-currency=\"EUR\" data-decimals=\"2\"><span class=\"from\">\u00c0 partir de<\/span><span class=\"price\">14.9 EUR<\/span><\/div>\n                                <\/div>\n                                <div class=\"glf-mor-restaurant-menu-item-description\">Votre d\u00e9licieux Bibimpap \u00e0 la garniture de votre choix, servi avec riz et sauce \u00e9pic\u00e9e.<\/div>\n                            <\/div>\n                        <\/div><\/div><hr><\/div><div class=\"glf-mor-restaurant-menu-category\"><h3>Plats Cor\u00e9ens (s\u00e9lectionnez pour choisir votre menu)<div class=\"glf-mor-restaurant-menu-category-description\">Plats chauds servis avec riz, garniture de l\u00e9gumes frais<\/div><\/h3><hr>\n\n                            <div class=\"glf-mor-restaurant-menu-item\"><div class=\"glf-mor-restaurant-menu-item-inner\"><picture>\n                                            <img decoding=\"async\" class=\"\" alt=\"Dak kanjang\" src=\"https:\/\/www.fbgcdn.com\/pictures\/f7113bfd-cd3d-4c29-8783-4575e54c8dfe.jpg\">\n                                        <\/picture>\n                            <div style=\"width: 100%\">\n                                <div class=\"glf-mor-restaurant-menu-item-header\"><h5 class=\"glf-mor-restaurant-menu-item-name\">Dak kanjang<\/h5><div class=\"glf-mor-restaurant-menu-item-price\" data-price=\"17.5\" data-currency=\"EUR\" data-decimals=\"2\"><span class=\"from\">\u00c0 partir de<\/span><span class=\"price\">17.5 EUR<\/span><\/div>\n                                <\/div>\n                                <div class=\"glf-mor-restaurant-menu-item-description\">D\u00e9licieux poulet frit \u00e0 la Cor\u00e9enne, servi avec riz frit  (attention \u26a0  contient des cacahu\u00e8tes, veuillez pr\u00e9ciser si vous \u00eates allergiques! \u26a0)<\/div>\n                            <\/div>\n                        <\/div><\/div><hr>\n\n                            <div class=\"glf-mor-restaurant-menu-item\"><div class=\"glf-mor-restaurant-menu-item-inner\"><picture>\n                                            <img decoding=\"async\" class=\"\" alt=\"Jeyuk Bokkeum\" src=\"https:\/\/www.fbgcdn.com\/pictures\/0dc38720-3fea-4bcc-8b69-6cefbf23c76e.jpg\">\n                                        <\/picture>\n                            <div style=\"width: 100%\">\n                                <div class=\"glf-mor-restaurant-menu-item-header\"><h5 class=\"glf-mor-restaurant-menu-item-name\">Jeyuk Bokkeum<\/h5><div class=\"glf-mor-restaurant-menu-item-price\" data-price=\"16.9\" data-currency=\"EUR\" data-decimals=\"2\"><span class=\"from\">\u00c0 partir de<\/span><span class=\"price\">16.9 EUR<\/span><\/div>\n                                <\/div>\n                                <div class=\"glf-mor-restaurant-menu-item-description\">D\u00e9licieux plat de porc l\u00e9g\u00e8rement \u00e9pic\u00e9, servi avec l\u00e9gumes et riz<\/div>\n                            <\/div>\n                        <\/div><\/div><hr>\n\n                            <div class=\"glf-mor-restaurant-menu-item\"><div class=\"glf-mor-restaurant-menu-item-inner\"><picture>\n                                            <img decoding=\"async\" class=\"\" alt=\"Japchae Bap\" src=\"https:\/\/www.fbgcdn.com\/pictures\/6e9046d3-02e5-4a5d-8636-42f78478132d.jpg\">\n                                        <\/picture>\n                            <div style=\"width: 100%\">\n                                <div class=\"glf-mor-restaurant-menu-item-header\"><h5 class=\"glf-mor-restaurant-menu-item-name\">Japchae Bap<\/h5><div class=\"glf-mor-restaurant-menu-item-price\" data-price=\"16.5\" data-currency=\"EUR\" data-decimals=\"2\"><span class=\"from\">\u00c0 partir de<\/span><span class=\"price\">16.5 EUR<\/span><\/div>\n                                <\/div>\n                                <div class=\"glf-mor-restaurant-menu-item-description\">D\u00e9licieuses nouilles de patate douce saut\u00e9es avec des l\u00e9gumes frais et poulet.<\/div>\n                            <\/div>\n                        <\/div><\/div><hr><\/div><div class=\"glf-mor-restaurant-menu-category\"><h3>Desserts<\/h3><hr>\n\n                            <div class=\"glf-mor-restaurant-menu-item\"><div class=\"glf-mor-restaurant-menu-item-inner\"><picture>\n                                            <img decoding=\"async\" class=\"\" alt=\"Fondant au chocolat\" src=\"https:\/\/www.fbgcdn.com\/pictures\/9d17bd4b-ffa7-4f57-b907-597fcde2f763.jpg\">\n                                        <\/picture>\n                            <div style=\"width: 100%\">\n                                <div class=\"glf-mor-restaurant-menu-item-header\"><h5 class=\"glf-mor-restaurant-menu-item-name\">Fondant au chocolat<\/h5><div class=\"glf-mor-restaurant-menu-item-price\" data-price=\"5.5\" data-currency=\"EUR\" data-decimals=\"2\"><span class=\"price\">5.5 EUR<\/span><\/div>\n                                <\/div>\n                                <div class=\"glf-mor-restaurant-menu-item-description\">D\u00e9licieux Fondant coulant \u00e0 souhait<\/div>\n                            <\/div>\n                        <\/div><\/div><hr>\n\n                            <div class=\"glf-mor-restaurant-menu-item\"><div class=\"glf-mor-restaurant-menu-item-inner\"><picture>\n                                            <img decoding=\"async\" class=\"\" alt=\"Hotteok\" src=\"https:\/\/www.fbgcdn.com\/pictures\/2f13c882-6457-402f-b62e-cd04290294d6.jpg\">\n                                        <\/picture>\n                            <div style=\"width: 100%\">\n                                <div class=\"glf-mor-restaurant-menu-item-header\"><h5 class=\"glf-mor-restaurant-menu-item-name\">Hotteok<\/h5><div class=\"glf-mor-restaurant-menu-item-price\" data-price=\"5.5\" data-currency=\"EUR\" data-decimals=\"2\"><span class=\"price\">5.5 EUR<\/span><\/div>\n                                <\/div>\n                                <div class=\"glf-mor-restaurant-menu-item-description\">D\u00e9licieuse galette Cor\u00e9enne avec noix et cannelle<\/div>\n                            <\/div>\n                        <\/div><\/div><hr><\/div><div class=\"glf-mor-restaurant-menu-category\"><h3>Suppl\u00e9ments Divers<div class=\"glf-mor-restaurant-menu-category-description\">Envie de rajouter autre chose?<\/div><\/h3><hr>\n\n                            <div class=\"glf-mor-restaurant-menu-item\"><div class=\"glf-mor-restaurant-menu-item-inner\"><picture>\n                                            <img decoding=\"async\" class=\"\" alt=\"Soupe Miso\" src=\"https:\/\/www.fbgcdn.com\/pictures\/3a81d9b0-80c8-4542-ad1c-c8454c623cb6.jpg\">\n                                        <\/picture>\n                            <div style=\"width: 100%\">\n                                <div class=\"glf-mor-restaurant-menu-item-header\"><h5 class=\"glf-mor-restaurant-menu-item-name\">Soupe Miso<\/h5><div class=\"glf-mor-restaurant-menu-item-price\" data-price=\"3.5\" data-currency=\"EUR\" data-decimals=\"2\"><span class=\"price\">3.5 EUR<\/span><\/div>\n                                <\/div>\n                                <div class=\"glf-mor-restaurant-menu-item-description\">Soupe miso, tofu et enoki<\/div>\n                            <\/div>\n                        <\/div><\/div><hr>\n\n                            <div class=\"glf-mor-restaurant-menu-item\"><div class=\"glf-mor-restaurant-menu-item-inner\"><picture>\n                                            <img decoding=\"async\" class=\"\" alt=\"Riz et graines\" src=\"https:\/\/www.fbgcdn.com\/pictures\/d6b066fa-6d12-4c33-ab46-b159ed8274de.jpg\">\n                                        <\/picture>\n                            <div style=\"width: 100%\">\n                                <div class=\"glf-mor-restaurant-menu-item-header\"><h5 class=\"glf-mor-restaurant-menu-item-name\">Riz et graines<\/h5><div class=\"glf-mor-restaurant-menu-item-price\" data-price=\"3\" data-currency=\"EUR\" data-decimals=\"2\"><span class=\"price\">3 EUR<\/span><\/div>\n                                <\/div>\n                                <div class=\"glf-mor-restaurant-menu-item-description\">Riz nature<\/div>\n                            <\/div>\n                        <\/div><\/div><hr>\n\n                            <div class=\"glf-mor-restaurant-menu-item\"><div class=\"glf-mor-restaurant-menu-item-inner\"><picture>\n                                            <img decoding=\"async\" class=\"\" alt=\"Extra sauce piquante\" src=\"https:\/\/www.fbgcdn.com\/pictures\/d217a06c-91fb-4505-9bbe-3e5bfc5f45c4.jpg\">\n                                        <\/picture>\n                            <div style=\"width: 100%\">\n                                <div class=\"glf-mor-restaurant-menu-item-header\"><h5 class=\"glf-mor-restaurant-menu-item-name\">Extra sauce piquante<\/h5><div class=\"glf-mor-restaurant-menu-item-price\" data-price=\"1.5\" data-currency=\"EUR\" data-decimals=\"2\"><span class=\"price\">1.5 EUR<\/span><\/div>\n                                <\/div>\n                                <div class=\"glf-mor-restaurant-menu-item-description\">Sauce gotujang en pate<\/div>\n                            <\/div>\n                        <\/div><\/div><hr>\n\n                            <div class=\"glf-mor-restaurant-menu-item\"><div class=\"glf-mor-restaurant-menu-item-inner\"><picture>\n                                            <img decoding=\"async\" class=\"\" alt=\"Kimchi\" src=\"https:\/\/www.fbgcdn.com\/pictures\/eb43e18d-5a78-404a-bed4-69457922853f.jpg\">\n                                        <\/picture>\n                            <div style=\"width: 100%\">\n                                <div class=\"glf-mor-restaurant-menu-item-header\"><h5 class=\"glf-mor-restaurant-menu-item-name\">Kimchi<\/h5><div class=\"glf-mor-restaurant-menu-item-price\" data-price=\"3\" data-currency=\"EUR\" data-decimals=\"2\"><span class=\"price\">3 EUR<\/span><\/div>\n                                <\/div>\n                                <div class=\"glf-mor-restaurant-menu-item-description\">Choux ferment\u00e9 et \u00e9pic\u00e9<\/div>\n                            <\/div>\n                        <\/div><\/div><hr>\n\n                            <div class=\"glf-mor-restaurant-menu-item\"><div class=\"glf-mor-restaurant-menu-item-inner\">\n                            <div style=\"width: 100%\">\n                                <div class=\"glf-mor-restaurant-menu-item-header\"><h5 class=\"glf-mor-restaurant-menu-item-name\">Salade Verte, Sauce orange<\/h5><div class=\"glf-mor-restaurant-menu-item-price\" data-price=\"2.5\" data-currency=\"EUR\" data-decimals=\"2\"><span class=\"price\">2.5 EUR<\/span><\/div>\n                                <\/div>\n                                <div class=\"glf-mor-restaurant-menu-item-description\">Salade verte et sauce orange<\/div>\n                            <\/div>\n                        <\/div><\/div><hr><\/div><div class=\"glf-mor-restaurant-menu-category\"><h3>Boissons<div class=\"glf-mor-restaurant-menu-category-description\">Boissons fraiches<\/div><\/h3><hr>\n\n                            <div class=\"glf-mor-restaurant-menu-item\"><div class=\"glf-mor-restaurant-menu-item-inner\"><picture>\n                                            <img decoding=\"async\" class=\"\" alt=\"Aloe Vera\" src=\"https:\/\/www.fbgcdn.com\/pictures\/5116d450-f23b-42db-8efe-2fb17f01e83a.jpg\">\n                                        <\/picture>\n                            <div style=\"width: 100%\">\n                                <div class=\"glf-mor-restaurant-menu-item-header\"><h5 class=\"glf-mor-restaurant-menu-item-name\">Aloe Vera<\/h5><div class=\"glf-mor-restaurant-menu-item-price\" data-price=\"4\" data-currency=\"EUR\" data-decimals=\"2\"><span class=\"from\">\u00c0 partir de<\/span><span class=\"price\">4 EUR<\/span><\/div>\n                                <\/div>\n                                <div class=\"glf-mor-restaurant-menu-item-description\">Jus d&rsquo;alo\u00e9 Vera avec Morceaux d&rsquo;alo\u00e9<\/div>\n                            <\/div>\n                        <\/div><\/div><hr>\n\n                            <div class=\"glf-mor-restaurant-menu-item\"><div class=\"glf-mor-restaurant-menu-item-inner\"><picture>\n                                            <img decoding=\"async\" class=\"\" alt=\"Biere CASS\" src=\"https:\/\/www.fbgcdn.com\/pictures\/d7ed61c7-74db-4b1e-ad0d-a5433dc0ce39.jpg\">\n                                        <\/picture>\n                            <div style=\"width: 100%\">\n                                <div class=\"glf-mor-restaurant-menu-item-header\"><h5 class=\"glf-mor-restaurant-menu-item-name\">Biere CASS<\/h5><div class=\"glf-mor-restaurant-menu-item-price\" data-price=\"4.5\" data-currency=\"EUR\" data-decimals=\"2\"><span class=\"price\">4.5 EUR<\/span><\/div>\n                                <\/div>\n                                <div class=\"glf-mor-restaurant-menu-item-description\">Biere Cor\u00e9enne 4.3\u00b0<\/div>\n                            <\/div>\n                        <\/div><\/div><hr>\n\n                            <div class=\"glf-mor-restaurant-menu-item\"><div class=\"glf-mor-restaurant-menu-item-inner\"><picture>\n                                            <img decoding=\"async\" class=\"\" alt=\"Mogu Mogu mangue\" src=\"https:\/\/www.fbgcdn.com\/pictures\/cf1f6a34-7e85-4c0c-96ec-944dbfb0a889.jpg\">\n                                        <\/picture>\n                            <div style=\"width: 100%\">\n                                <div class=\"glf-mor-restaurant-menu-item-header\"><h5 class=\"glf-mor-restaurant-menu-item-name\">Mogu Mogu mangue<\/h5><div class=\"glf-mor-restaurant-menu-item-price\" data-price=\"3\" data-currency=\"EUR\" data-decimals=\"2\"><span class=\"price\">3 EUR<\/span><\/div>\n                                <\/div>\n                                <div class=\"glf-mor-restaurant-menu-item-description\">Boisson \u00e0 la mangue et morceau de coco<\/div>\n                            <\/div>\n                        <\/div><\/div><hr>\n\n                            <div class=\"glf-mor-restaurant-menu-item\"><div class=\"glf-mor-restaurant-menu-item-inner\"><picture>\n                                            <img decoding=\"async\" class=\"\" alt=\"Mogu Mogu litchi\" src=\"https:\/\/www.fbgcdn.com\/pictures\/63b42194-35c2-4576-865d-cacc9fd4bd91.jpg\">\n                                        <\/picture>\n                            <div style=\"width: 100%\">\n                                <div class=\"glf-mor-restaurant-menu-item-header\"><h5 class=\"glf-mor-restaurant-menu-item-name\">Mogu Mogu litchi<\/h5><div class=\"glf-mor-restaurant-menu-item-price\" data-price=\"3\" data-currency=\"EUR\" data-decimals=\"2\"><span class=\"price\">3 EUR<\/span><\/div>\n                                <\/div>\n                                <div class=\"glf-mor-restaurant-menu-item-description\">Boisson au litchi et morceau de coco<\/div>\n                            <\/div>\n                        <\/div><\/div><hr>\n\n                            <div class=\"glf-mor-restaurant-menu-item\"><div class=\"glf-mor-restaurant-menu-item-inner\"><picture>\n                                            <img decoding=\"async\" class=\"\" alt=\"Soojangwa\" src=\"https:\/\/www.fbgcdn.com\/pictures\/2b0f23d2-fd54-4834-9fec-873332d2283d.jpg\">\n                                        <\/picture>\n                            <div style=\"width: 100%\">\n                                <div class=\"glf-mor-restaurant-menu-item-header\"><h5 class=\"glf-mor-restaurant-menu-item-name\">Soojangwa<\/h5><div class=\"glf-mor-restaurant-menu-item-price\" data-price=\"3\" data-currency=\"EUR\" data-decimals=\"2\"><span class=\"price\">3 EUR<\/span><\/div>\n                                <\/div>\n                                <div class=\"glf-mor-restaurant-menu-item-description\">Boisson Cor\u00e9enne \u00e0 la cannelle<\/div>\n                            <\/div>\n                        <\/div><\/div><hr>\n\n                            <div class=\"glf-mor-restaurant-menu-item\"><div class=\"glf-mor-restaurant-menu-item-inner\"><picture>\n                                            <img decoding=\"async\" class=\"\" alt=\"Shykhae\" src=\"https:\/\/www.fbgcdn.com\/pictures\/799bb086-3217-4222-957c-0c52a394678e.jpg\">\n                                        <\/picture>\n                            <div style=\"width: 100%\">\n                                <div class=\"glf-mor-restaurant-menu-item-header\"><h5 class=\"glf-mor-restaurant-menu-item-name\">Shykhae<\/h5><div class=\"glf-mor-restaurant-menu-item-price\" data-price=\"3\" data-currency=\"EUR\" data-decimals=\"2\"><span class=\"price\">3 EUR<\/span><\/div>\n                                <\/div>\n                                <div class=\"glf-mor-restaurant-menu-item-description\">Boisson typique cor\u00e9enne au riz<\/div>\n                            <\/div>\n                        <\/div><\/div><hr>\n\n                            <div class=\"glf-mor-restaurant-menu-item\"><div class=\"glf-mor-restaurant-menu-item-inner\"><picture>\n                                            <img decoding=\"async\" class=\"\" alt=\"Raisin bonbon\" src=\"https:\/\/www.fbgcdn.com\/pictures\/48ad26f4-0b7b-4adc-84c8-2920d9c58f8b.jpg\">\n                                        <\/picture>\n                            <div style=\"width: 100%\">\n                                <div class=\"glf-mor-restaurant-menu-item-header\"><h5 class=\"glf-mor-restaurant-menu-item-name\">Raisin bonbon<\/h5><div class=\"glf-mor-restaurant-menu-item-price\" data-price=\"3\" data-currency=\"EUR\" data-decimals=\"2\"><span class=\"price\">3 EUR<\/span><\/div>\n                                <\/div>\n                                <div class=\"glf-mor-restaurant-menu-item-description\">Jus de raisin avec morceaux de raisin Cor\u00e9ens<\/div>\n                            <\/div>\n                        <\/div><\/div><hr>\n\n                            <div class=\"glf-mor-restaurant-menu-item\"><div class=\"glf-mor-restaurant-menu-item-inner\"><picture>\n                                            <img decoding=\"async\" class=\"\" alt=\"Jus de fuits\" src=\"https:\/\/www.fbgcdn.com\/pictures\/efad19fa-3b8f-4279-8a64-ef9f7cc11cd5.jpg\">\n                                        <\/picture>\n                            <div style=\"width: 100%\">\n                                <div class=\"glf-mor-restaurant-menu-item-header\"><h5 class=\"glf-mor-restaurant-menu-item-name\">Jus de fuits<\/h5><div class=\"glf-mor-restaurant-menu-item-price\" data-price=\"3.5\" data-currency=\"EUR\" data-decimals=\"2\"><span class=\"from\">\u00c0 partir de<\/span><span class=\"price\">3.5 EUR<\/span><\/div>\n                                <\/div>\n                                \n                            <\/div>\n                        <\/div><\/div><hr>\n\n                            <div class=\"glf-mor-restaurant-menu-item\"><div class=\"glf-mor-restaurant-menu-item-inner\"><picture>\n                                            <img decoding=\"async\" class=\"\" alt=\"Eau de coco\" src=\"https:\/\/www.fbgcdn.com\/pictures\/a3dd605f-438e-4b10-93d6-f8172b2edefb.jpg\">\n                                        <\/picture>\n                            <div style=\"width: 100%\">\n                                <div class=\"glf-mor-restaurant-menu-item-header\"><h5 class=\"glf-mor-restaurant-menu-item-name\">Eau de coco<\/h5><div class=\"glf-mor-restaurant-menu-item-price\" data-price=\"3.5\" data-currency=\"EUR\" data-decimals=\"2\"><span class=\"price\">3.5 EUR<\/span><\/div>\n                                <\/div>\n                                <div class=\"glf-mor-restaurant-menu-item-description\">33 cl pure eau de coco sans sucre ajout\u00e9<\/div>\n                            <\/div>\n                        <\/div><\/div><hr>\n\n                            <div class=\"glf-mor-restaurant-menu-item\"><div class=\"glf-mor-restaurant-menu-item-inner\"><picture>\n                                            <img decoding=\"async\" class=\"\" alt=\"Sodas\" src=\"https:\/\/www.fbgcdn.com\/pictures\/ebcea6cb-7949-49d6-8ed9-c64d918e85d9.jpg\">\n                                        <\/picture>\n                            <div style=\"width: 100%\">\n                                <div class=\"glf-mor-restaurant-menu-item-header\"><h5 class=\"glf-mor-restaurant-menu-item-name\">Sodas<\/h5><div class=\"glf-mor-restaurant-menu-item-price\" data-price=\"2.5\" data-currency=\"EUR\" data-decimals=\"2\"><span class=\"from\">\u00c0 partir de<\/span><span class=\"price\">2.5 EUR<\/span><\/div>\n                                <\/div>\n                                \n                            <\/div>\n                        <\/div><\/div><hr><\/div><\/div>\n            <script type=\"text\/javascript\">\n                document.addEventListener( \"DOMContentLoaded\", function ( event ) {\n                if (typeof jQuery != \"undefined\") {\n                    jQuery(document).ready(function() {\n                           jQuery(\".glf-mor-restaurant-menu-item-price\").each(function() {\n                                const el=jQuery(this);\n                                const el_Price=jQuery(this).find(\"> span.price\");\n                                const price=parseFloat(el.data(\"price\"));\n                                const currency= el.data(\"currency\")\n                                const numberOfDigits = parseInt( el.data(\"decimals\") );\n                                const localeStringOptions = {\n                                    style:\"currency\",\n                                    currency: currency,\n                                    minimumFractionDigits: numberOfDigits,\n                                    maximumFractionDigits: numberOfDigits                                    \n                                }; \n                                el_Price.html(price.toLocaleString('fr-FR', localeStringOptions))\n                            });\n                       });\n                    }\n                });\n            <\/script>","protected":false},"excerpt":{"rendered":"","protected":false},"author":1,"featured_media":3434,"parent":0,"menu_order":0,"comment_status":"closed","ping_status":"closed","template":"","meta":{"_exactmetrics_skip_tracking":false,"_exactmetrics_sitenote_active":false,"_exactmetrics_sitenote_note":"","_exactmetrics_sitenote_category":0,"footnotes":""},"class_list":["post-3022","page","type-page","status-publish","has-post-thumbnail","hentry"],"_links":{"self":[{"href":"https:\/\/leptitlouis.fr\/index.php?rest_route=\/wp\/v2\/pages\/3022","targetHints":{"allow":["GET"]}}],"collection":[{"href":"https:\/\/leptitlouis.fr\/index.php?rest_route=\/wp\/v2\/pages"}],"about":[{"href":"https:\/\/leptitlouis.fr\/index.php?rest_route=\/wp\/v2\/types\/page"}],"author":[{"embeddable":true,"href":"https:\/\/leptitlouis.fr\/index.php?rest_route=\/wp\/v2\/users\/1"}],"replies":[{"embeddable":true,"href":"https:\/\/leptitlouis.fr\/index.php?rest_route=%2Fwp%2Fv2%2Fcomments&post=3022"}],"version-history":[{"count":19,"href":"https:\/\/leptitlouis.fr\/index.php?rest_route=\/wp\/v2\/pages\/3022\/revisions"}],"predecessor-version":[{"id":4260,"href":"https:\/\/leptitlouis.fr\/index.php?rest_route=\/wp\/v2\/pages\/3022\/revisions\/4260"}],"wp:featuredmedia":[{"embeddable":true,"href":"https:\/\/leptitlouis.fr\/index.php?rest_route=\/wp\/v2\/media\/3434"}],"wp:attachment":[{"href":"https:\/\/leptitlouis.fr\/index.php?rest_route=%2Fwp%2Fv2%2Fmedia&parent=3022"}],"curies":[{"name":"wp","href":"https:\/\/api.w.org\/{rel}","templated":true}]}}