{"id":3159,"date":"2014-05-30T12:39:03","date_gmt":"2014-05-30T12:39:03","guid":{"rendered":""},"modified":"2024-08-03T21:47:12","modified_gmt":"2024-08-03T19:47:12","slug":"menu","status":"publish","type":"page","link":"https:\/\/leptitlouis.fr\/?page_id=3159","title":{"rendered":"Menu"},"content":{"rendered":"\r\n\r\n\r\n\r\n\r\n<h2 class=\"wp-block-novablocks-headline c-headline has-text-align-center has-larger-font-size\"><span class=\"c-headline__primary\">Notre menu<\/span><\/h2>\r\n\r\n\r\n\r\n<p class=\"is-style-lead\">Pr\u00e9par\u00e9 avec soin, avec des produits frais, fait maison of course<\/p>\r\n\r\n\r\n\r\n<style>.fdm-section-header p { display: none; }.fdm-item-title, .fdm-item-image { cursor: pointer; }<\/style>\n\n\n<div class=\"fdm-menu-filtering\">\n\t<\/div>\n\n<div class=\"fdm-the-menu\">\n\n\n\n<ul id=\"fdm-menu-1\" class=\"fdm-menu fdm-menu-181 fdm-menu-classic fdm-menu-sidebar- fdm-columns-2 fdm-layout-classic clearfix\">\n\n\n\t<li class=\"fdm-column fdm-column-0\">\n\n\t<ul class=\"fdm-section fdm-sectionid-11 fdm-section-menu-dejeuner fdm-section-one\">\n\t<li class=\"fdm-section-header\" id=\"fdm-section-header-menu-dejeuner\">\n\n\t\t\t\t\n\t\t\n\t\t\t\t\t<h3 class=''>Nos Menus<\/h3>\n\t\t\n\t\t\n\t\t\n\t<\/li>\n\t\n\t\t<li class=\"fdm-item fdm-item-ajax-open fdm-item-has-price\" data-postid=\"386\" data-section=\"11\" data-timeadded=\"1542153772\">\n\t\n\t\t\n\t\t<div class=\"fdm-item-panel\" data-price=\"\u20ac 20,90\">\n\n\t\t\t<div class=\"fdm-item-non-image-container\">\n<p class=\"fdm-item-title\">Entr\u00e9e \/ plat \/ et dessert<\/p><div class=\"fdm-item-price-wrapper\" data-min_price='1000000' data-max_price='0'>\n\t\t\t<div class=\"fdm-item-price\">\u20ac 20,90<\/div>\n\t<\/div>\n\n\t\t\t<div class=\"clearfix\"><\/div>\n\t\t<\/div>\n\n\t\t\n\t\t<\/li>\n\t\n\n\n\t\t<li class=\"fdm-item fdm-item-ajax-open fdm-item-has-price\" data-postid=\"384\" data-section=\"11\" data-timeadded=\"1542153707\">\n\t\n\t\t\n\t\t<div class=\"fdm-item-panel\" data-price=\"\u20ac 18,50\">\n\n\t\t\t<div class=\"fdm-item-non-image-container\">\n<p class=\"fdm-item-title\">Plat et dessert du jour<\/p><div class=\"fdm-item-price-wrapper\" data-min_price='1000000' data-max_price='0'>\n\t\t\t<div class=\"fdm-item-price\">\u20ac 18,50<\/div>\n\t<\/div>\n\n\t\t\t<div class=\"clearfix\"><\/div>\n\t\t<\/div>\n\n\t\t\n\t\t<\/li>\n\t\n\n\n\t\t<li class=\"fdm-item fdm-item-ajax-open fdm-item-has-price\" data-postid=\"382\" data-section=\"11\" data-timeadded=\"1542153670\">\n\t\n\t\t\n\t\t<div class=\"fdm-item-panel\" data-price=\"\u20ac 18,90\">\n\n\t\t\t<div class=\"fdm-item-non-image-container\">\n<p class=\"fdm-item-title\">Plat et entr\u00e9e du jour<\/p><div class=\"fdm-item-price-wrapper\" data-min_price='1000000' data-max_price='0'>\n\t\t\t<div class=\"fdm-item-price\">\u20ac 18,90<\/div>\n\t<\/div>\n\n\t\t\t<div class=\"clearfix\"><\/div>\n\t\t<\/div>\n\n\t\t\n\t\t<\/li>\n\t\n\n\n\t\t<li class=\"fdm-item fdm-item-ajax-open fdm-item-has-price\" data-postid=\"380\" data-section=\"11\" data-timeadded=\"1542153628\">\n\t\n\t\t\n\t\t<div class=\"fdm-item-panel\" data-price=\"\u20ac 14,90\">\n\n\t\t\t<div class=\"fdm-item-non-image-container\">\n<p class=\"fdm-item-title\">Plat seul<\/p><div class=\"fdm-item-price-wrapper\" data-min_price='1000000' data-max_price='0'>\n\t\t\t<div class=\"fdm-item-price\">\u20ac 14,90<\/div>\n\t<\/div>\n\n\t\t\t<div class=\"clearfix\"><\/div>\n\t\t<\/div>\n\n\t\t\n\t\t<\/li>\n\t\n\n<\/ul><ul class=\"fdm-section fdm-sectionid-4 fdm-section-entree fdm-section-one\">\n\t<li class=\"fdm-section-header\" id=\"fdm-section-header-entree\">\n\n\t\t\t\t\n\t\t\n\t\t\t\t\t<h3 class=''>Entr\u00e9e<\/h3>\n\t\t\n\t\t\n\t\t\n\t<\/li>\n\t\n\t\t<li class=\"fdm-item fdm-item-ajax-open fdm-item-has-image fdm-item-has-price\" data-postid=\"199\" data-section=\"4\" data-timeadded=\"1541899916\">\n\t\n\t\t\n\t\t<div class=\"fdm-item-panel\" data-price=\"\u20ac 9,50\">\n\n\t\t\t<img decoding=\"async\" class=\"fdm-item-image\" src=\"https:\/\/leptitlouis.fr\/wp-content\/uploads\/2018\/11\/a360_recettes_visuel_289.jpg\" title=\"Kimpap\" alt=\"Kimpap\">\n<div class=\"fdm-item-non-image-container\">\n<p class=\"fdm-item-title\">Kimpap<\/p><div class=\"fdm-item-price-wrapper\" data-min_price='1000000' data-max_price='0'>\n\t\t\t<div class=\"fdm-item-price\">\u20ac 9,50<\/div>\n\t<\/div>\n<div class=\"fdm-item-content\">\n\t<p>Sorte de maki Cor\u00e9en au thon<br \/>\nServi avec sa salade verte et sauce orange<\/p>\n<\/div>\n<\/div>\n\t\t\t<div class=\"clearfix\"><\/div>\n\t\t<\/div>\n\n\t\t\n\t\t<\/li>\n\t\n\n\n\t\t<li class=\"fdm-item fdm-item-ajax-open fdm-item-has-image fdm-item-has-price\" data-postid=\"197\" data-section=\"4\" data-timeadded=\"1541899726\">\n\t\n\t\t\n\t\t<div class=\"fdm-item-panel\" data-price=\"\u20ac 8,00\">\n\n\t\t\t<img decoding=\"async\" class=\"fdm-item-image\" src=\"https:\/\/leptitlouis.fr\/wp-content\/uploads\/2018\/11\/20180319_142656.jpg\" title=\"Pajeon aux crevettes et calamar\" alt=\"Pajeon aux crevettes et calamar\">\n<div class=\"fdm-item-non-image-container\">\n<p class=\"fdm-item-title\">Pajeon aux crevettes et calamar<\/p><div class=\"fdm-item-price-wrapper\" data-min_price='1000000' data-max_price='0'>\n\t\t\t<div class=\"fdm-item-price\">\u20ac 8,00<\/div>\n\t<\/div>\n<div class=\"fdm-item-content\">\n\t<p>D\u00e9licieuse galette aux l\u00e9gumes et fruits de mer,<br \/>\nServi avec salade verte, mashed potato et sauce orange<\/p>\n<\/div>\n<\/div>\n\t\t\t<div class=\"clearfix\"><\/div>\n\t\t<\/div>\n\n\t\t\n\t\t<\/li>\n\t\n\n\n\t\t<li class=\"fdm-item fdm-item-ajax-open fdm-item-has-image fdm-item-has-price\" data-postid=\"147\" data-section=\"4\" data-timeadded=\"1541718351\">\n\t\n\t\t\n\t\t<div class=\"fdm-item-panel\" data-price=\"\u20ac 8,00\">\n\n\t\t\t<img decoding=\"async\" class=\"fdm-item-image\" src=\"https:\/\/leptitlouis.fr\/wp-content\/uploads\/2018\/11\/img_20181017_155702.jpg\" title=\"Mandous\" alt=\"Mandous\">\n<div class=\"fdm-item-non-image-container\">\n<p class=\"fdm-item-title\">Mandous<\/p><div class=\"fdm-item-price-wrapper\" data-min_price='1000000' data-max_price='0'>\n\t\t\t<div class=\"fdm-item-price\">\u20ac 8,00<\/div>\n\t<\/div>\n<div class=\"fdm-item-content\">\n\t<p>D\u00e9licieux raviolis Cor\u00e9ens aux l\u00e9gumes, poulet ou porc<br \/>\nServi avec sauce soja vinaigr\u00e9e et salade verte<\/p>\n<\/div>\n<\/div>\n\t\t\t<div class=\"clearfix\"><\/div>\n\t\t<\/div>\n\n\t\t\n\t\t<\/li>\n\t\n\n<\/ul><ul class=\"fdm-section fdm-sectionid-9 fdm-section-plat-principal fdm-section-one\">\n\t<li class=\"fdm-section-header\" id=\"fdm-section-header-plat-principal\">\n\n\t\t\t\t\n\t\t\n\t\t\t\t\t<h3 class=''>Plat principal<\/h3>\n\t\t\n\t\t\n\t\t\n\t<\/li>\n\t\n\t\t<li class=\"fdm-item fdm-item-ajax-open fdm-item-has-image fdm-item-has-price\" data-postid=\"389\" data-section=\"9\" data-timeadded=\"1542154038\">\n\t\n\t\t\n\t\t<div class=\"fdm-item-panel\" data-price=\"\u20ac 14,90\">\n\n\t\t\t<img decoding=\"async\" class=\"fdm-item-image\" src=\"https:\/\/leptitlouis.fr\/wp-content\/uploads\/2018\/11\/20180628_140856-300x300.jpg\" title=\"Bibimpap\" alt=\"Bibimpap\">\n<div class=\"fdm-item-non-image-container\">\n<p class=\"fdm-item-title\">Bibimpap<\/p><div class=\"fdm-item-price-wrapper\" data-min_price='1000000' data-max_price='0'>\n\t\t\t<div class=\"fdm-item-price\">\u20ac 14,90<\/div>\n\t<\/div>\n<div class=\"fdm-item-content\">\n\t<p>Plat typique de Cor\u00e9e est plein de saveur et de diff\u00e9rents l\u00e9gumes. il se d\u00e9cline en 4 versions: au b\u0153uf, au poulet, \u00e0 l'\u0153uf bio fermier ou bien Tofu. Servi avec riz et soupe au miso. Une sauce piquante est \u00e0 rajouter selon votre envie. Ce plat est tout a fait adapt\u00e9 pour les v\u00e9g\u00e9tariens ou vegans.<\/p>\n<\/div>\n<\/div>\n\t\t\t<div class=\"clearfix\"><\/div>\n\t\t<\/div>\n\n\t\t\n\t\t<\/li>\n\t\n\n\n\t\t<li class=\"fdm-item fdm-item-ajax-open fdm-item-has-image fdm-item-has-price\" data-postid=\"395\" data-section=\"9\" data-timeadded=\"1542154503\">\n\t\n\t\t\n\t\t<div class=\"fdm-item-panel\" data-price=\"\u20ac 18,90\">\n\n\t\t\t<img decoding=\"async\" class=\"fdm-item-image\" src=\"https:\/\/leptitlouis.fr\/wp-content\/uploads\/2018\/11\/20180410_150131-300x300.jpg\" title=\"Dolseot Bibimpap\" alt=\"Dolseot Bibimpap\">\n<div class=\"fdm-item-non-image-container\">\n<p class=\"fdm-item-title\">Dolseot Bibimpap<\/p><div class=\"fdm-item-price-wrapper\" data-min_price='1000000' data-max_price='0'>\n\t\t\t<div class=\"fdm-item-price\">\u20ac 18,90<\/div>\n\t<\/div>\n<div class=\"fdm-item-content\">\n\t<p>Bibimpap servi dans un bol en pierre tr\u00e8s chaud et qui caram\u00e9lise le riz. suppl\u00e9ment oeuf bio fermier et tofu<\/p>\n<\/div>\n<\/div>\n\t\t\t<div class=\"clearfix\"><\/div>\n\t\t<\/div>\n\n\t\t\n\t\t<\/li>\n\t\n\n\n\t\t<li class=\"fdm-item fdm-item-ajax-open fdm-item-has-image fdm-item-has-price\" data-postid=\"397\" data-section=\"9\" data-timeadded=\"1542154838\">\n\t\n\t\t\n\t\t<div class=\"fdm-item-panel\" data-price=\"\u20ac 16,50\">\n\n\t\t\t<img decoding=\"async\" class=\"fdm-item-image\" src=\"https:\/\/leptitlouis.fr\/wp-content\/uploads\/2018\/11\/20180628_140854-300x300.jpg\" title=\"Japchae bap\" alt=\"Japchae bap\">\n<div class=\"fdm-item-non-image-container\">\n<p class=\"fdm-item-title\">Japchae bap<\/p><div class=\"fdm-item-price-wrapper\" data-min_price='1000000' data-max_price='0'>\n\t\t\t<div class=\"fdm-item-price\">\u20ac 16,50<\/div>\n\t<\/div>\n<div class=\"fdm-item-content\">\n\t<p>D\u00e9licieuse nouilles faites avec de la farine de patate douce, saut\u00e9es avec des l\u00e9gumes frais et lani\u00e8re de poulet, servi avec riz et soupe miso<\/p>\n<\/div>\n<\/div>\n\t\t\t<div class=\"clearfix\"><\/div>\n\t\t<\/div>\n\n\t\t\n\t\t<\/li>\n\t\n\n\n\t\t<li class=\"fdm-item fdm-item-ajax-open fdm-item-has-image fdm-item-has-price\" data-postid=\"339\" data-section=\"9\" data-timeadded=\"1542151129\">\n\t\n\t\t\n\t\t<div class=\"fdm-item-panel\" data-price=\"\u20ac 16,90\">\n\n\t\t\t<img decoding=\"async\" class=\"fdm-item-image\" src=\"https:\/\/leptitlouis.fr\/wp-content\/uploads\/2018\/11\/img_20180927_155933.jpg\" title=\"Jeyuk bokkeum\" alt=\"Jeyuk bokkeum\">\n<div class=\"fdm-item-non-image-container\">\n<p class=\"fdm-item-title\">Jeyuk bokkeum<\/p><div class=\"fdm-item-price-wrapper\" data-min_price='1000000' data-max_price='0'>\n\t\t\t<div class=\"fdm-item-price\">\u20ac 16,90<\/div>\n\t<\/div>\n<div class=\"fdm-item-content\">\n\t<p>Echine de porc du sud ouest coup\u00e9 tr\u00e8s fin et marin\u00e9 dans une sauce l\u00e9g\u00e8rement piquante. Servi avec soupe miso, garniture de l\u00e9gumes et riz.<\/p>\n<\/div>\n<\/div>\n\t\t\t<div class=\"clearfix\"><\/div>\n\t\t<\/div>\n\n\t\t\n\t\t<\/li>\n\t\n\n\n\t\t<li class=\"fdm-item fdm-item-ajax-open fdm-item-has-image fdm-item-has-price\" data-postid=\"337\" data-section=\"9\" data-timeadded=\"1542150388\">\n\t\n\t\t\n\t\t<div class=\"fdm-item-panel\" data-price=\"16,90\">\n\n\t\t\t<img decoding=\"async\" class=\"fdm-item-image\" src=\"https:\/\/leptitlouis.fr\/wp-content\/uploads\/2018\/04\/20180315_145335-300x300.jpg\" title=\"Bulgogi\" alt=\"Bulgogi\">\n<div class=\"fdm-item-non-image-container\">\n<p class=\"fdm-item-title\">Bulgogi<\/p><div class=\"fdm-item-price-wrapper\" data-min_price='1000000' data-max_price='0'>\n\t\t\t<div class=\"fdm-item-price\">16,90<\/div>\n\t<\/div>\n<div class=\"fdm-item-content\">\n\t<p>D\u00e9licieux boeuf marin\u00e9 avec une sauce a base de soja, garniture de l\u00e9gumes, riz et soupe au miso<\/p>\n<\/div>\n<\/div>\n\t\t\t<div class=\"clearfix\"><\/div>\n\t\t<\/div>\n\n\t\t\n\t\t<\/li>\n\t\n\n\n\t\t<li class=\"fdm-item fdm-item-ajax-open fdm-item-has-image fdm-item-has-price\" data-postid=\"378\" data-section=\"9\" data-timeadded=\"1542153560\">\n\t\n\t\t\n\t\t<div class=\"fdm-item-panel\" data-price=\"17,50\">\n\n\t\t\t<img decoding=\"async\" class=\"fdm-item-image\" src=\"https:\/\/leptitlouis.fr\/wp-content\/uploads\/2018\/11\/20171205_135447-300x300.jpg\" title=\"Dak Kanjang\" alt=\"Dak Kanjang\">\n<div class=\"fdm-item-non-image-container\">\n<p class=\"fdm-item-title\">Dak Kanjang<\/p><div class=\"fdm-item-price-wrapper\" data-min_price='1000000' data-max_price='0'>\n\t\t\t<div class=\"fdm-item-price\">17,50<\/div>\n\t<\/div>\n<div class=\"fdm-item-content\">\n\t<p>Morceaux de filet de poulet frits et croustillants, dans une sauce l\u00e9g\u00e8rement sucr\u00e9e. Servi avec riz frit et soupe miso<\/p>\n<\/div>\n<\/div>\n\t\t\t<div class=\"clearfix\"><\/div>\n\t\t<\/div>\n\n\t\t\n\t\t<\/li>\n\t\n\n\n\t\t<li class=\"fdm-item fdm-item-ajax-open fdm-item-has-image fdm-item-has-price\" data-postid=\"341\" data-section=\"9\" data-timeadded=\"1542153033\">\n\t\n\t\t\n\t\t<div class=\"fdm-item-panel\" data-price=\"16,90\">\n\n\t\t\t<img decoding=\"async\" class=\"fdm-item-image\" src=\"https:\/\/leptitlouis.fr\/wp-content\/uploads\/2018\/11\/20170224_141448-600x600.jpg\" title=\"Tak Kalbi\" alt=\"Tak Kalbi\">\n<div class=\"fdm-item-non-image-container\">\n<p class=\"fdm-item-title\">Tak Kalbi<\/p><div class=\"fdm-item-price-wrapper\" data-min_price='1000000' data-max_price='0'>\n\t\t\t<div class=\"fdm-item-price\">16,90<\/div>\n\t<\/div>\n<div class=\"fdm-item-content\">\n\t<p>Lani\u00e8res de filet de poulet marin\u00e9 dans une sauce a base de gotujang (pate de piment) et saut\u00e9 avec des l\u00e9gumes frais. Servi avec riz, garniture de l\u00e9gumes et soupe miso<\/p>\n<\/div>\n<\/div>\n\t\t\t<div class=\"clearfix\"><\/div>\n\t\t<\/div>\n\n\t\t\n\t\t<\/li>\n\t\n\n<\/ul>\n\t<\/li>\n\n\n\t<li class=\"fdm-column fdm-column-1 fdm-column-last\">\n\n\t<ul class=\"fdm-section fdm-sectionid-7 fdm-section-desserts fdm-section-one\">\n\t<li class=\"fdm-section-header\" id=\"fdm-section-header-desserts\">\n\n\t\t\t\t\n\t\t\n\t\t\t\t\t<h3 class=''>Desserts<\/h3>\n\t\t\n\t\t\n\t\t\n\t<\/li>\n\t\n\t\t<li class=\"fdm-item fdm-item-ajax-open fdm-item-has-image fdm-item-has-price\" data-postid=\"412\" data-section=\"7\" data-timeadded=\"1542241138\">\n\t\n\t\t\n\t\t<div class=\"fdm-item-panel\" data-price=\"\u20ac 4,50\">\n\n\t\t\t<img decoding=\"async\" class=\"fdm-item-image\" src=\"https:\/\/leptitlouis.fr\/wp-content\/uploads\/2018\/11\/20180302_174521-300x300.jpg\" title=\"Cake roul\u00e9 au th\u00e9 vert et fraises\" alt=\"Cake roul\u00e9 au th\u00e9 vert et fraises\">\n<div class=\"fdm-item-non-image-container\">\n<p class=\"fdm-item-title\">Cake roul\u00e9 au th\u00e9 vert et fraises<\/p><div class=\"fdm-item-price-wrapper\" data-min_price='1000000' data-max_price='0'>\n\t\t\t<div class=\"fdm-item-price\">\u20ac 4,50<\/div>\n\t<\/div>\n<div class=\"fdm-item-content\">\n\t<p>Cake l\u00e9ger au th\u00e9 vert matcha int\u00e9rieur cr\u00e8me fouett\u00e9e et fraises gariguette<\/p>\n<\/div>\n<\/div>\n\t\t\t<div class=\"clearfix\"><\/div>\n\t\t<\/div>\n\n\t\t\n\t\t<\/li>\n\t\n\n\n\t\t<li class=\"fdm-item fdm-item-ajax-open fdm-item-has-image fdm-item-has-price\" data-postid=\"416\" data-section=\"7\" data-timeadded=\"1542242122\">\n\t\n\t\t\n\t\t<div class=\"fdm-item-panel\" data-price=\"\u20ac 4,50\">\n\n\t\t\t<img decoding=\"async\" class=\"fdm-item-image\" src=\"https:\/\/leptitlouis.fr\/wp-content\/uploads\/2018\/11\/ayami-3-400x400.jpg\" title=\"Cheoppssal Teok\" alt=\"Cheoppssal Teok\">\n<div class=\"fdm-item-non-image-container\">\n<p class=\"fdm-item-title\">Cheoppssal Teok<\/p><div class=\"fdm-item-price-wrapper\" data-min_price='1000000' data-max_price='0'>\n\t\t\t<div class=\"fdm-item-price\">\u20ac 4,50<\/div>\n\t<\/div>\n<div class=\"fdm-item-content\">\n\t<p>Gateau de riz fourr\u00e9 \u00e0 la pate d'haricots rouge<\/p>\n<\/div>\n<\/div>\n\t\t\t<div class=\"clearfix\"><\/div>\n\t\t<\/div>\n\n\t\t\n\t\t<\/li>\n\t\n\n\n\t\t<li class=\"fdm-item fdm-item-ajax-open fdm-item-has-image fdm-item-has-price\" data-postid=\"203\" data-section=\"7\" data-timeadded=\"1541900403\">\n\t\n\t\t\n\t\t<div class=\"fdm-item-panel\" data-price=\"\u20ac 4,50\">\n\n\t\t\t<img decoding=\"async\" class=\"fdm-item-image\" src=\"https:\/\/leptitlouis.fr\/wp-content\/uploads\/2018\/11\/20170224_155052-600x600.jpg\" title=\"Hotteok\" alt=\"Hotteok\">\n<div class=\"fdm-item-non-image-container\">\n<p class=\"fdm-item-title\">Hotteok<\/p><div class=\"fdm-item-price-wrapper\" data-min_price='1000000' data-max_price='0'>\n\t\t\t<div class=\"fdm-item-price\">\u20ac 4,50<\/div>\n\t<\/div>\n<div class=\"fdm-item-content\">\n\t<p>Fameux dessert aux noix, sucres et cannelles.<\/p>\n<\/div>\n<\/div>\n\t\t\t<div class=\"clearfix\"><\/div>\n\t\t<\/div>\n\n\t\t\n\t\t<\/li>\n\t\n\n\n\t\t<li class=\"fdm-item fdm-item-ajax-open fdm-item-has-image fdm-item-has-price\" data-postid=\"414\" data-section=\"7\" data-timeadded=\"1542241439\">\n\t\n\t\t\n\t\t<div class=\"fdm-item-panel\" data-price=\"\u20ac 4,50\">\n\n\t\t\t<img decoding=\"async\" class=\"fdm-item-image\" src=\"https:\/\/leptitlouis.fr\/wp-content\/uploads\/2018\/04\/20180228_151700-300x300.jpg\" title=\"Panna Cotta au yuzu\" alt=\"Panna Cotta au yuzu\">\n<div class=\"fdm-item-non-image-container\">\n<p class=\"fdm-item-title\">Panna Cotta au yuzu<\/p><div class=\"fdm-item-price-wrapper\" data-min_price='1000000' data-max_price='0'>\n\t\t\t<div class=\"fdm-item-price\">\u20ac 4,50<\/div>\n\t<\/div>\n<div class=\"fdm-item-content\">\n\t<p>Marriage de la cr\u00e8me Italienne et de l'agrume asiatique pour des saveurs raffin\u00e9es et authentiques<\/p>\n<\/div>\n<\/div>\n\t\t\t<div class=\"clearfix\"><\/div>\n\t\t<\/div>\n\n\t\t\n\t\t<\/li>\n\t\n\n<\/ul><ul class=\"fdm-section fdm-sectionid-13 fdm-section-boissons fdm-section-one\">\n\t<li class=\"fdm-section-header\" id=\"fdm-section-header-boissons\">\n\n\t\t\t\t\n\t\t\n\t\t\t\t\t<h3 class=''>Boissons<\/h3>\n\t\t\n\t\t\n\t\t\n\t<\/li>\n\t\n\t\t<li class=\"fdm-item fdm-item-ajax-open fdm-item-has-image fdm-item-has-price\" data-postid=\"454\" data-section=\"13\" data-timeadded=\"1542409506\">\n\t\n\t\t\n\t\t<div class=\"fdm-item-panel\" data-price=\"3,50\">\n\n\t\t\t<img decoding=\"async\" class=\"fdm-item-image\" src=\"https:\/\/leptitlouis.fr\/wp-content\/uploads\/2018\/11\/boisson-aloe-vera-wang-150-l-376x400.jpg\" title=\"Aloe vera nature\" alt=\"Aloe vera nature\">\n<div class=\"fdm-item-non-image-container\">\n<p class=\"fdm-item-title\">Aloe vera nature<\/p><div class=\"fdm-item-price-wrapper\" data-min_price='1000000' data-max_price='0'>\n\t\t\t<div class=\"fdm-item-price\">3,50<\/div>\n\t<\/div>\n<div class=\"fdm-item-content\">\n\t<p>Boisson sucr\u00e9e avec des morceaux d'aloe vera<\/p>\n<\/div>\n<\/div>\n\t\t\t<div class=\"clearfix\"><\/div>\n\t\t<\/div>\n\n\t\t\n\t\t<\/li>\n\t\n\n\n\t\t<li class=\"fdm-item fdm-item-ajax-open fdm-item-has-image fdm-item-has-price\" data-postid=\"421\" data-section=\"13\" data-timeadded=\"1542242293\">\n\t\n\t\t\n\t\t<div class=\"fdm-item-panel\" data-price=\"\u20ac 4,50\">\n\n\t\t\t<img decoding=\"async\" class=\"fdm-item-image\" src=\"https:\/\/leptitlouis.fr\/wp-content\/uploads\/2018\/11\/ci-hite-beer-3fb72402b2a7fb0e-400x400.jpeg\" title=\"Hite\" alt=\"Hite\">\n<div class=\"fdm-item-non-image-container\">\n<p class=\"fdm-item-title\">Hite<\/p><div class=\"fdm-item-price-wrapper\" data-min_price='1000000' data-max_price='0'>\n\t\t\t<div class=\"fdm-item-price\">\u20ac 4,50<\/div>\n\t<\/div>\n<div class=\"fdm-item-content\">\n\t<p>Bi\u00e8re Cor\u00e9enne \u00e0 4,3\u00b0 l\u00e9g\u00e8re et rafraichissante<\/p>\n<\/div>\n<\/div>\n\t\t\t<div class=\"clearfix\"><\/div>\n\t\t<\/div>\n\n\t\t\n\t\t<\/li>\n\t\n\n\n\t\t<li class=\"fdm-item fdm-item-ajax-open fdm-item-has-image fdm-item-has-price\" data-postid=\"458\" data-section=\"13\" data-timeadded=\"1542409679\">\n\t\n\t\t\n\t\t<div class=\"fdm-item-panel\" data-price=\"\u20ac 3,00\">\n\n\t\t\t<img decoding=\"async\" class=\"fdm-item-image\" src=\"https:\/\/leptitlouis.fr\/wp-content\/uploads\/2018\/11\/kooksoondang-makgeolli-400x400.jpg\" title=\"Makgeolli\" alt=\"Makgeolli\">\n<div class=\"fdm-item-non-image-container\">\n<p class=\"fdm-item-title\">Makgeolli<\/p><div class=\"fdm-item-price-wrapper\" data-min_price='1000000' data-max_price='0'>\n\t\t\t<div class=\"fdm-item-price\">\u20ac 3,00<\/div>\n\t<\/div>\n<div class=\"fdm-item-content\">\n\t<p>Boisson alcoolis\u00e9e faite a partir de riz ferment\u00e9e \u00e0 5\u00b0 d'alcool<\/p>\n<\/div>\n<\/div>\n\t\t\t<div class=\"clearfix\"><\/div>\n\t\t<\/div>\n\n\t\t\n\t\t<\/li>\n\t\n\n\n\t\t<li class=\"fdm-item fdm-item-ajax-open fdm-item-has-image fdm-item-has-price\" data-postid=\"430\" data-section=\"13\" data-timeadded=\"1542402414\">\n\t\n\t\t\n\t\t<div class=\"fdm-item-panel\" data-price=\"3\">\n\n\t\t\t<img decoding=\"async\" class=\"fdm-item-image\" src=\"https:\/\/leptitlouis.fr\/wp-content\/uploads\/2018\/11\/ohfresh-images-mogu_grande-400x400.jpg\" title=\"Mogu Mogu\" alt=\"Mogu Mogu\">\n<div class=\"fdm-item-non-image-container\">\n<p class=\"fdm-item-title\">Mogu Mogu<\/p><div class=\"fdm-item-price-wrapper\" data-min_price='1000000' data-max_price='0'>\n\t\t\t<div class=\"fdm-item-price\">3.00<\/div>\n\t<\/div>\n<div class=\"fdm-item-content\">\n\t<p>Boisson avec des morceaux de coco<\/p>\n<\/div>\n<\/div>\n\t\t\t<div class=\"clearfix\"><\/div>\n\t\t<\/div>\n\n\t\t\n\t\t<\/li>\n\t\n\n\n\t\t<li class=\"fdm-item fdm-item-ajax-open fdm-item-has-image fdm-item-has-price\" data-postid=\"461\" data-section=\"13\" data-timeadded=\"1542409806\">\n\t\n\t\t\n\t\t<div class=\"fdm-item-panel\" data-price=\"\u20ac 2,50\">\n\n\t\t\t<img decoding=\"async\" class=\"fdm-item-image\" src=\"https:\/\/leptitlouis.fr\/wp-content\/uploads\/2018\/11\/s-l300.jpg\" title=\"Th\u00e9e Cor\u00e9en\" alt=\"Th\u00e9e Cor\u00e9en\">\n<div class=\"fdm-item-non-image-container\">\n<p class=\"fdm-item-title\">Th\u00e9e Cor\u00e9en<\/p><div class=\"fdm-item-price-wrapper\" data-min_price='1000000' data-max_price='0'>\n\t\t\t<div class=\"fdm-item-price\">\u20ac 2,50<\/div>\n\t<\/div>\n<div class=\"fdm-item-content\">\n\t<p>Solomon's th\u00e9 avec racine et riz grill\u00e9<\/p>\n<\/div>\n<\/div>\n\t\t\t<div class=\"clearfix\"><\/div>\n\t\t<\/div>\n\n\t\t\n\t\t<\/li>\n\t\n\n<\/ul><ul class=\"fdm-section fdm-sectionid-14 fdm-section-a-cote fdm-section-one\">\n\t<li class=\"fdm-section-header\" id=\"fdm-section-header-a-cote\">\n\n\t\t\t\t\n\t\t\n\t\t\t\t\t<h3 class=''>A cot\u00e9<\/h3>\n\t\t\n\t\t\n\t\t\n\t<\/li>\n\t\n\t\t<li class=\"fdm-item fdm-item-ajax-open fdm-item-has-image fdm-item-has-price\" data-postid=\"465\" data-section=\"14\" data-timeadded=\"1542481954\">\n\t\n\t\t\n\t\t<div class=\"fdm-item-panel\" data-price=\"3\">\n\n\t\t\t<img decoding=\"async\" class=\"fdm-item-image\" src=\"https:\/\/leptitlouis.fr\/wp-content\/uploads\/2018\/11\/DSC_1843-e1477360668451-400x400.jpg\" title=\"Kimchi\" alt=\"Kimchi\">\n<div class=\"fdm-item-non-image-container\">\n<p class=\"fdm-item-title\">Kimchi<\/p><div class=\"fdm-item-price-wrapper\" data-min_price='1000000' data-max_price='0'>\n\t\t\t<div class=\"fdm-item-price\">3.00<\/div>\n\t<\/div>\n<div class=\"fdm-item-content\">\n\t<p>Choux chinois ferment\u00e9 et \u00e9pic\u00e9, condiment Cor\u00e9en a d\u00e9guster avec le riz<\/p>\n<\/div>\n<\/div>\n\t\t\t<div class=\"clearfix\"><\/div>\n\t\t<\/div>\n\n\t\t\n\t\t<\/li>\n\t\n\n<\/ul>\n\t<\/li>\n\n\n<\/ul>\n\n\n<\/div> <!-- fdm-the-menu -->\n\n<div class=\"clearfix\"><\/div>\n\n<div class='fdm-details-div fdm-hidden'>\n\t<div class='fdm-details-div-inside'>\n\t\t<div class='fdm-details-div-exit'>\n\t\t\t<div class='fdm-details-div-exit-inside'><span class=\"dashicons dashicons-no-alt\"><\/span><\/div>\n\t\t<\/div>\n\t\t<div class='fdm-details-div-content'><\/div>\n\t<\/div>\n<\/div>\n<div class='fdm-details-background-div fdm-hidden'><\/div>\r\n","protected":false},"excerpt":{"rendered":"","protected":false},"author":1,"featured_media":56,"parent":0,"menu_order":0,"comment_status":"closed","ping_status":"closed","template":"","meta":{"_exactmetrics_skip_tracking":false,"_exactmetrics_sitenote_active":false,"_exactmetrics_sitenote_note":"","_exactmetrics_sitenote_category":0,"footnotes":""},"class_list":["post-3159","page","type-page","status-publish","has-post-thumbnail","hentry"],"_links":{"self":[{"href":"https:\/\/leptitlouis.fr\/index.php?rest_route=\/wp\/v2\/pages\/3159","targetHints":{"allow":["GET"]}}],"collection":[{"href":"https:\/\/leptitlouis.fr\/index.php?rest_route=\/wp\/v2\/pages"}],"about":[{"href":"https:\/\/leptitlouis.fr\/index.php?rest_route=\/wp\/v2\/types\/page"}],"author":[{"embeddable":true,"href":"https:\/\/leptitlouis.fr\/index.php?rest_route=\/wp\/v2\/users\/1"}],"replies":[{"embeddable":true,"href":"https:\/\/leptitlouis.fr\/index.php?rest_route=%2Fwp%2Fv2%2Fcomments&post=3159"}],"version-history":[{"count":7,"href":"https:\/\/leptitlouis.fr\/index.php?rest_route=\/wp\/v2\/pages\/3159\/revisions"}],"predecessor-version":[{"id":10615,"href":"https:\/\/leptitlouis.fr\/index.php?rest_route=\/wp\/v2\/pages\/3159\/revisions\/10615"}],"wp:featuredmedia":[{"embeddable":true,"href":"https:\/\/leptitlouis.fr\/index.php?rest_route=\/wp\/v2\/media\/56"}],"wp:attachment":[{"href":"https:\/\/leptitlouis.fr\/index.php?rest_route=%2Fwp%2Fv2%2Fmedia&parent=3159"}],"curies":[{"name":"wp","href":"https:\/\/api.w.org\/{rel}","templated":true}]}}