{"id":3321,"date":"2019-09-20T12:37:32","date_gmt":"2019-09-20T12:37:32","guid":{"rendered":""},"modified":"2024-08-03T21:41:43","modified_gmt":"2024-08-03T19:41:43","slug":"a-propos","status":"publish","type":"page","link":"https:\/\/leptitlouis.fr\/?page_id=3321","title":{"rendered":"About"},"content":{"rendered":"\r\n\r\n\r\n<h1 class=\"wp-block-novablocks-headline c-headline has-text-align-center has-larger-font-size\"><span class=\"c-headline__secondary\">D\u00e9couvrez notre <\/span> <span class=\"c-headline__primary\">Histoire<\/span><\/h1>\r\n\r\n\r\n\r\n<div class=\"wp-block-columns is-layout-flex wp-container-core-columns-is-layout-9d6595d7 wp-block-columns-is-layout-flex\">\r\n<div class=\"wp-block-column is-layout-flow wp-block-column-is-layout-flow\" style=\"flex-basis: 33.33%;\">\r\n<h3 class=\"has-smaller-font-size wp-block-heading\">A propos<\/h3>\r\n\r\n\r\n<\/div>\r\n\r\n\r\n\r\n<div class=\"wp-block-column is-layout-flow wp-block-column-is-layout-flow\" style=\"flex-basis: 66.66%;\">\r\n<p class=\"is-style-default\">Le P\u2019tit Louis est un restaurant Cor\u00e9en situ\u00e9 au 32 rue de la r\u00e9publique dans le tr\u00e8s populaire quartier de St Cyprien, sur la rive gauche de Toulouse, juste \u00e0 la descente du pont neuf entre le ch\u00e2teau d\u2019eau et la place Olivier . Ouvert depuis mai 2012 nous faisons connaitre la cuisine Cor\u00e9enne \u00e0 travers des plats embl\u00e9matiques \u00e0 nos clients.<\/p>\r\n\r\n\r\n\r\n<p class=\"is-style-default\">Situ\u00e9 entre deux grandes nations, la Chine et le Japon, la Cor\u00e9e \u00e0 toujours su garder son identit\u00e9 propre, tant par sa culture que par sa cuisine.<br \/>L&rsquo;ail, le piment, le s\u00e9same et la sauce soja sont des incontournables de nombreuses recettes, ainsi que les feuilles d&rsquo;algue \u00ab\u00a0Nori\u00a0\u00bb et le Miso, une p\u00e2te faite avec des haricots ferment\u00e9s. <br \/>Parfois consid\u00e9r\u00e9 comme une cuisine piment\u00e9e, elle n&rsquo;en demeure pas moins une cuisine pleine de saveurs et de surprises. Nombreux sont ceux qui reviennent d&rsquo;un s\u00e9jour en Cor\u00e9e et ont soif de rego\u00fbter aux plats de la bas .<\/p>\r\n\r\n\r\n\r\n<p class=\"is-style-default\">Nous proposons un menu qui varie tous les jours avec comme \u00e9l\u00e9ments principaux :<\/p>\r\n\r\n\r\n\r\n<ul class=\"wp-block-list\">\r\n<li>Une entr\u00e9e du jour<\/li>\r\n<li>4 plats principaux<\/li>\r\n<li>3 desserts<\/li>\r\n<li>Th\u00e9s, bi\u00e8re, boissons et alcool typique sont aussi propos\u00e9s.<\/li>\r\n<\/ul>\r\n\r\n\r\n\r\n<p class=\"is-style-default\">Nous favorisons l&rsquo;utilisation des produits frais et locaux. Les viandes sont d&rsquo;origine fran\u00e7aises et le riz vient de Camargue. Nos \u0153ufs sont fermier issus de l&rsquo;agriculture bio.<\/p>\r\n\r\n\r\n\r\n<p>Nos sp\u00e9cialit\u00e9s ne sont pas forc\u00e9ment v\u00e9g\u00e9tarienne ou v\u00e9g\u00e9talienne, cependant nous pouvons nous adapter car nous utilisons beaucoup de l\u00e9gumes frais.<\/p>\r\n\r\n\r\n\r\n<div class=\"wp-block-buttons is-layout-flex wp-block-buttons-is-layout-flex\">\r\n<div class=\"wp-block-button is-style-secondary\"><a class=\"wp-block-button__link\" href=\"https:\/\/leptitlouis.fr\/?page_id=164\">R\u00e9servation ici<\/a><\/div>\r\n<\/div>\r\n\r\n\r\n\r\n<p>Les r\u00e9servations peuvent \u00eatre prise de 12:00 \u00e0 12:30 pour le premier service et de 13:30 \u00e0 14:30 pour le deuxi\u00e8me service.<br \/>Nous acceptons les groupes jusqu\u2019\u00e0 8 personnes, au del\u00e0 nous pr\u00e9venir 2 jours a l&rsquo;avance.<br \/>Les r\u00e9servations le jour m\u00eame ne sont pas possibles car il nous arrive d&rsquo;avoir que tr\u00e8s peu de temps le matin pour v\u00e9rifier ou r\u00e9pondre aux e-mails. Nous vous conseillons donc d&rsquo;appeler avant de venir. <br \/>Nos prix varient de:<\/p>\r\n\r\n\r\n\r\n<ul class=\"wp-block-list\">\r\n<li>14,90 \u20ac pour un plat seul, certains ont un suppl\u00e9ment<\/li>\r\n<li>18,50 \u20ac pour un menu entr\u00e9e \/ plat<\/li>\r\n<li>17,50 \u20ac pour un menu Plat\/ dessert<\/li>\r\n<li>20,50 \u20ac pour un menu complet entr\u00e9e \/ plat \/ dessert.<\/li>\r\n<\/ul>\r\n\r\n\r\n\r\n<div class=\"wp-block-buttons is-layout-flex wp-block-buttons-is-layout-flex\">\r\n<div class=\"wp-block-button is-style-secondary\"><a class=\"wp-block-button__link\" href=\"https:\/\/leptitlouis.fr\/?page_id=3159\">Voir notre Menu<\/a><\/div>\r\n<\/div>\r\n\r\n\r\n\r\n<span class=\"glf-button-default glf-button \" style='background-color:#ef8b17; color:#FFFFFF !important; font-weight:bold; font-size:18px; padding:15px; border-radius:3px; font-family:\"Arial\", sans-serif; '  data-glf-cuid=\"\" data-glf-ruid=\"089973d3-6777-40fb-a6c8-815f88b9125d\"  data-location=\"089973d3-6777-40fb-a6c8-815f88b9125d\">Voir le menu et commander<\/span><script src=\"https:\/\/www.fbgcdn.com\/embedder\/js\/ewm2.js\" defer async ><\/script><style> .glf-ordering-location > span{display:none;} <\/style>\r\n\r\n\r\n\r\n<p class=\"is-style-default\">Si vous avez aim\u00e9 notre restaurant, veuillez bien vouloir laisser un petit mot sur les sites de r\u00e9f\u00e9rencement comme google, Tripadvisor ou bien Yelp. Cela nous permet de voir si notre travail vous plait et nous encourage \u00e0 mieux faire. Nous vous en remercions.<\/p>\r\n\r\n\r\n\r\n<ul class=\"wp-block-social-links alignleft is-style-logos-only is-layout-flex wp-block-social-links-is-layout-flex\"><li class=\"wp-social-link wp-social-link-facebook  wp-block-social-link\"><a href=\"https:\/\/www.facebook.com\/Le-Ptit-Louis-388554861226829\/\" class=\"wp-block-social-link-anchor\"><svg width=\"24\" height=\"24\" viewBox=\"0 0 24 24\" version=\"1.1\" xmlns=\"http:\/\/www.w3.org\/2000\/svg\" aria-hidden=\"true\" focusable=\"false\"><path d=\"M12 2C6.5 2 2 6.5 2 12c0 5 3.7 9.1 8.4 9.9v-7H7.9V12h2.5V9.8c0-2.5 1.5-3.9 3.8-3.9 1.1 0 2.2.2 2.2.2v2.5h-1.3c-1.2 0-1.6.8-1.6 1.6V12h2.8l-.4 2.9h-2.3v7C18.3 21.1 22 17 22 12c0-5.5-4.5-10-10-10z\"><\/path><\/svg><span class=\"wp-block-social-link-label screen-reader-text\">Facebook<\/span><\/a><\/li>\r\n\r\n\r\n\r\n<li class=\"wp-social-link wp-social-link-instagram  wp-block-social-link\"><a href=\"https:\/\/www.instagram.com\/LePtitLouis.fr\/\" class=\"wp-block-social-link-anchor\"><svg width=\"24\" height=\"24\" viewBox=\"0 0 24 24\" version=\"1.1\" xmlns=\"http:\/\/www.w3.org\/2000\/svg\" aria-hidden=\"true\" focusable=\"false\"><path d=\"M12,4.622c2.403,0,2.688,0.009,3.637,0.052c0.877,0.04,1.354,0.187,1.671,0.31c0.42,0.163,0.72,0.358,1.035,0.673 c0.315,0.315,0.51,0.615,0.673,1.035c0.123,0.317,0.27,0.794,0.31,1.671c0.043,0.949,0.052,1.234,0.052,3.637 s-0.009,2.688-0.052,3.637c-0.04,0.877-0.187,1.354-0.31,1.671c-0.163,0.42-0.358,0.72-0.673,1.035 c-0.315,0.315-0.615,0.51-1.035,0.673c-0.317,0.123-0.794,0.27-1.671,0.31c-0.949,0.043-1.233,0.052-3.637,0.052 s-2.688-0.009-3.637-0.052c-0.877-0.04-1.354-0.187-1.671-0.31c-0.42-0.163-0.72-0.358-1.035-0.673 c-0.315-0.315-0.51-0.615-0.673-1.035c-0.123-0.317-0.27-0.794-0.31-1.671C4.631,14.688,4.622,14.403,4.622,12 s0.009-2.688,0.052-3.637c0.04-0.877,0.187-1.354,0.31-1.671c0.163-0.42,0.358-0.72,0.673-1.035 c0.315-0.315,0.615-0.51,1.035-0.673c0.317-0.123,0.794-0.27,1.671-0.31C9.312,4.631,9.597,4.622,12,4.622 M12,3 C9.556,3,9.249,3.01,8.289,3.054C7.331,3.098,6.677,3.25,6.105,3.472C5.513,3.702,5.011,4.01,4.511,4.511 c-0.5,0.5-0.808,1.002-1.038,1.594C3.25,6.677,3.098,7.331,3.054,8.289C3.01,9.249,3,9.556,3,12c0,2.444,0.01,2.751,0.054,3.711 c0.044,0.958,0.196,1.612,0.418,2.185c0.23,0.592,0.538,1.094,1.038,1.594c0.5,0.5,1.002,0.808,1.594,1.038 c0.572,0.222,1.227,0.375,2.185,0.418C9.249,20.99,9.556,21,12,21s2.751-0.01,3.711-0.054c0.958-0.044,1.612-0.196,2.185-0.418 c0.592-0.23,1.094-0.538,1.594-1.038c0.5-0.5,0.808-1.002,1.038-1.594c0.222-0.572,0.375-1.227,0.418-2.185 C20.99,14.751,21,14.444,21,12s-0.01-2.751-0.054-3.711c-0.044-0.958-0.196-1.612-0.418-2.185c-0.23-0.592-0.538-1.094-1.038-1.594 c-0.5-0.5-1.002-0.808-1.594-1.038c-0.572-0.222-1.227-0.375-2.185-0.418C14.751,3.01,14.444,3,12,3L12,3z M12,7.378 c-2.552,0-4.622,2.069-4.622,4.622S9.448,16.622,12,16.622s4.622-2.069,4.622-4.622S14.552,7.378,12,7.378z M12,15 c-1.657,0-3-1.343-3-3s1.343-3,3-3s3,1.343,3,3S13.657,15,12,15z M16.804,6.116c-0.596,0-1.08,0.484-1.08,1.08 s0.484,1.08,1.08,1.08c0.596,0,1.08-0.484,1.08-1.08S17.401,6.116,16.804,6.116z\"><\/path><\/svg><span class=\"wp-block-social-link-label screen-reader-text\">Instagram<\/span><\/a><\/li>\r\n\r\n\r\n\r\n\r\n\r\n<li class=\"wp-social-link wp-social-link-yelp  wp-block-social-link\"><a href=\"https:\/\/www.yelp.fr\/biz\/le-p-tit-louis-toulouse\" class=\"wp-block-social-link-anchor\"><svg width=\"24\" height=\"24\" viewBox=\"0 0 24 24\" version=\"1.1\" xmlns=\"http:\/\/www.w3.org\/2000\/svg\" aria-hidden=\"true\" focusable=\"false\"><path d=\"M12.271,16.718v1.417q-.011,3.257-.067,3.4a.707.707,0,0,1-.569.446,4.637,4.637,0,0,1-2.024-.424A4.609,4.609,0,0,1,7.8,20.565a.844.844,0,0,1-.19-.4.692.692,0,0,1,.044-.29,3.181,3.181,0,0,1,.379-.524q.335-.412,2.019-2.409.011,0,.669-.781a.757.757,0,0,1,.44-.274.965.965,0,0,1,.552.039.945.945,0,0,1,.418.324.732.732,0,0,1,.139.468Zm-1.662-2.8a.783.783,0,0,1-.58.781l-1.339.435q-3.067.981-3.257.981a.711.711,0,0,1-.6-.4,2.636,2.636,0,0,1-.19-.836,9.134,9.134,0,0,1,.011-1.857,3.559,3.559,0,0,1,.335-1.389.659.659,0,0,1,.625-.357,22.629,22.629,0,0,1,2.253.859q.781.324,1.283.524l.937.379a.771.771,0,0,1,.4.34A.982.982,0,0,1,10.609,13.917Zm9.213,3.313a4.467,4.467,0,0,1-1.021,1.8,4.559,4.559,0,0,1-1.512,1.417.671.671,0,0,1-.7-.078q-.156-.112-2.052-3.2l-.524-.859a.761.761,0,0,1-.128-.513.957.957,0,0,1,.217-.513.774.774,0,0,1,.926-.29q.011.011,1.327.446,2.264.736,2.7.887a2.082,2.082,0,0,1,.524.229.673.673,0,0,1,.245.68Zm-7.5-7.049q.056,1.137-.6,1.361-.647.19-1.272-.792L6.237,4.08a.7.7,0,0,1,.212-.691,5.788,5.788,0,0,1,2.314-1,5.928,5.928,0,0,1,2.5-.352.681.681,0,0,1,.547.5q.034.2.245,3.407T12.327,10.181Zm7.384,1.2a.679.679,0,0,1-.29.658q-.167.112-3.67.959-.747.167-1.015.257l.011-.022a.769.769,0,0,1-.513-.044.914.914,0,0,1-.413-.357.786.786,0,0,1,0-.971q.011-.011.836-1.137,1.394-1.908,1.673-2.275a2.423,2.423,0,0,1,.379-.435A.7.7,0,0,1,17.435,8a4.482,4.482,0,0,1,1.372,1.489,4.81,4.81,0,0,1,.9,1.868v.034Z\"><\/path><\/svg><span class=\"wp-block-social-link-label screen-reader-text\">Yelp<\/span><\/a><\/li>\r\n\r\n\r\n\r\n<li class=\"wp-social-link wp-social-link-google  wp-block-social-link\"><a href=\"https:\/\/www.google.com\/maps\/place\/Le+P&#039;tit+Louis\/@43.5985274,1.4351843,15z\/data=!4m5!3m4!1s0x0:0x4e7f210225ed8672!8m2!3d43.5985274!4d1.4351843\" class=\"wp-block-social-link-anchor\"><svg width=\"24\" height=\"24\" viewBox=\"0 0 24 24\" version=\"1.1\" xmlns=\"http:\/\/www.w3.org\/2000\/svg\" aria-hidden=\"true\" focusable=\"false\"><path d=\"M12.02,10.18v3.72v0.01h5.51c-0.26,1.57-1.67,4.22-5.5,4.22c-3.31,0-6.01-2.75-6.01-6.12s2.7-6.12,6.01-6.12 c1.87,0,3.13,0.8,3.85,1.48l2.84-2.76C16.99,2.99,14.73,2,12.03,2c-5.52,0-10,4.48-10,10s4.48,10,10,10c5.77,0,9.6-4.06,9.6-9.77 c0-0.83-0.11-1.42-0.25-2.05H12.02z\"><\/path><\/svg><span class=\"wp-block-social-link-label screen-reader-text\">Google<\/span><\/a><\/li>\r\n\r\n<li class=\"wp-social-link wp-social-link-twitter  wp-block-social-link\"><a href=\"https:\/\/twitter.com\/leptitlouisf\" class=\"wp-block-social-link-anchor\"><svg width=\"24\" height=\"24\" viewBox=\"0 0 24 24\" version=\"1.1\" xmlns=\"http:\/\/www.w3.org\/2000\/svg\" aria-hidden=\"true\" focusable=\"false\"><path d=\"M22.23,5.924c-0.736,0.326-1.527,0.547-2.357,0.646c0.847-0.508,1.498-1.312,1.804-2.27 c-0.793,0.47-1.671,0.812-2.606,0.996C18.324,4.498,17.257,4,16.077,4c-2.266,0-4.103,1.837-4.103,4.103 c0,0.322,0.036,0.635,0.106,0.935C8.67,8.867,5.647,7.234,3.623,4.751C3.27,5.357,3.067,6.062,3.067,6.814 c0,1.424,0.724,2.679,1.825,3.415c-0.673-0.021-1.305-0.206-1.859-0.513c0,0.017,0,0.034,0,0.052c0,1.988,1.414,3.647,3.292,4.023 c-0.344,0.094-0.707,0.144-1.081,0.144c-0.264,0-0.521-0.026-0.772-0.074c0.522,1.63,2.038,2.816,3.833,2.85 c-1.404,1.1-3.174,1.756-5.096,1.756c-0.331,0-0.658-0.019-0.979-0.057c1.816,1.164,3.973,1.843,6.29,1.843 c7.547,0,11.675-6.252,11.675-11.675c0-0.178-0.004-0.355-0.012-0.531C20.985,7.47,21.68,6.747,22.23,5.924z\"><\/path><\/svg><span class=\"wp-block-social-link-label screen-reader-text\">Twitter<\/span><\/a><\/li><\/ul>\r\n\r\n\r\n\r\n<div id=\"TA_cdswritereviewlg69\" class=\"TA_cdswritereviewlg\">\r\n<ul id=\"u9KWHzwFhrwg\" class=\"TA_links oX72XKXT\">\r\n<li id=\"CRzcb1RKBOcW\" class=\"6fqWEb\"><a href=\"https:\/\/www.tripadvisor.fr\/Restaurant_Review-g187175-d3468769-Reviews-Le_P_tit_Louis-Toulouse_Haute_Garonne_Occitanie.html\" target=\"_blank\" rel=\"noopener noreferrer\"><img decoding=\"async\" src=\"https:\/\/static.tacdn.com\/img2\/brand_refresh\/Tripadvisor_lockup_horizontal_secondary_registered.svg\" alt=\"TripAdvisor\" \/><\/a><\/li>\r\n<\/ul>\r\n<\/div>\r\n<script async=\"\" src=\"https:\/\/www.jscache.com\/wejs?wtype=cdswritereviewlg&amp;uniq=69&amp;locationId=3468769&amp;lang=fr&amp;lang=fr&amp;display_version=2\" data-loadtrk=\"\" onload=\"this.loadtrk=true\"><\/script> <\/div>\r\n<\/div>\r\n\r\n\r\n\r\n<div class=\"wp-block-columns alignwide is-layout-flex wp-container-core-columns-is-layout-9d6595d7 wp-block-columns-is-layout-flex\">\r\n<div class=\"wp-block-column is-layout-flow wp-block-column-is-layout-flow\">\u00a0<\/div>\r\n\r\n\r\n\r\n<div class=\"wp-block-column is-layout-flow wp-block-column-is-layout-flow\">\u00a0<\/div>\r\n\r\n\r\n\r\n<div class=\"wp-block-column is-layout-flow wp-block-column-is-layout-flow\">\u00a0<\/div>\r\n<\/div>\r\n\r\n\r\n\r\n<p>&nbsp;<\/p>\r\n","protected":false},"excerpt":{"rendered":"<p>A propos Le P\u2019tit Louis est un restaurant Cor\u00e9en situ\u00e9 [&hellip;]<\/p>\n","protected":false},"author":1,"featured_media":3528,"parent":0,"menu_order":0,"comment_status":"closed","ping_status":"closed","template":"","meta":{"_exactmetrics_skip_tracking":false,"_exactmetrics_sitenote_active":false,"_exactmetrics_sitenote_note":"","_exactmetrics_sitenote_category":0,"footnotes":""},"class_list":["post-3321","page","type-page","status-publish","has-post-thumbnail","hentry"],"_links":{"self":[{"href":"https:\/\/leptitlouis.fr\/index.php?rest_route=\/wp\/v2\/pages\/3321","targetHints":{"allow":["GET"]}}],"collection":[{"href":"https:\/\/leptitlouis.fr\/index.php?rest_route=\/wp\/v2\/pages"}],"about":[{"href":"https:\/\/leptitlouis.fr\/index.php?rest_route=\/wp\/v2\/types\/page"}],"author":[{"embeddable":true,"href":"https:\/\/leptitlouis.fr\/index.php?rest_route=\/wp\/v2\/users\/1"}],"replies":[{"embeddable":true,"href":"https:\/\/leptitlouis.fr\/index.php?rest_route=%2Fwp%2Fv2%2Fcomments&post=3321"}],"version-history":[{"count":35,"href":"https:\/\/leptitlouis.fr\/index.php?rest_route=\/wp\/v2\/pages\/3321\/revisions"}],"predecessor-version":[{"id":13774,"href":"https:\/\/leptitlouis.fr\/index.php?rest_route=\/wp\/v2\/pages\/3321\/revisions\/13774"}],"wp:featuredmedia":[{"embeddable":true,"href":"https:\/\/leptitlouis.fr\/index.php?rest_route=\/wp\/v2\/media\/3528"}],"wp:attachment":[{"href":"https:\/\/leptitlouis.fr\/index.php?rest_route=%2Fwp%2Fv2%2Fmedia&parent=3321"}],"curies":[{"name":"wp","href":"https:\/\/api.w.org\/{rel}","templated":true}]}}